{"id":201,"date":"2020-09-14T15:15:53","date_gmt":"2020-09-14T13:15:53","guid":{"rendered":"https:\/\/babelair.be\/?page_id=201"},"modified":"2021-03-05T13:37:47","modified_gmt":"2021-03-05T12:37:47","slug":"activites-pour-les-8-10-ans","status":"publish","type":"page","link":"https:\/\/babelair.be\/?page_id=201","title":{"rendered":"Activit\u00e9s pour les 8-10 ans"},"content":{"rendered":"\n<div class=\"wp-block-media-text alignwide is-stacked-on-mobile\" style=\"grid-template-columns:31% auto\"><figure class=\"wp-block-media-text__media\"><img loading=\"lazy\" decoding=\"async\" width=\"300\" height=\"281\" src=\"https:\/\/babelair.be\/wp-content\/uploads\/2020\/09\/8-10-ans-300x281.png\" alt=\"\" class=\"wp-image-299 size-medium\" srcset=\"https:\/\/babelair.be\/wp-content\/uploads\/2020\/09\/8-10-ans-300x281.png 300w, https:\/\/babelair.be\/wp-content\/uploads\/2020\/09\/8-10-ans-768x720.png 768w, https:\/\/babelair.be\/wp-content\/uploads\/2020\/09\/8-10-ans.png 867w\" sizes=\"auto, (max-width: 300px) 100vw, 300px\" \/><\/figure><div class=\"wp-block-media-text__content\">\n<ul class=\"wp-block-list\" id=\"block-c0ed6f5d-9922-4ef8-b765-75e1a50972d6\"><li><a rel=\"noreferrer noopener\" href=\"https:\/\/babelair.be\/wp-content\/uploads\/2021\/02\/Fiche-dapprentissage-mate%CC%81rialite%CC%81.pdf\" target=\"_blank\">La mat\u00e9rialit\u00e9 de l\u2019air FR<\/a> &#8211; <a rel=\"noreferrer noopener\" href=\"https:\/\/babelair.be\/wp-content\/uploads\/2021\/03\/Fiche-dapprentissage-mate%CC%81rialite%CC%81-NL.pdf\" target=\"_blank\">La mat\u00e9rialit\u00e9 de l&rsquo;air NL<\/a><\/li><li>L<a href=\"https:\/\/babelair.be\/wp-content\/uploads\/2021\/02\/Babelair-proprie%CC%81te%CC%81s-de-lair.pdf\">e<\/a><a rel=\"noreferrer noopener\" href=\"https:\/\/babelair.be\/wp-content\/uploads\/2021\/02\/Babelair-proprie%CC%81te%CC%81s-de-lair.pdf\" target=\"_blank\">s propri\u00e9t\u00e9s de l&rsquo;air FR<\/a>&#8211; <a rel=\"noreferrer noopener\" href=\"https:\/\/babelair.be\/wp-content\/uploads\/2021\/03\/Babelair-proprie%CC%81te%CC%81s-de-lair-NL.pdf\" target=\"_blank\">Les propri\u00e9t\u00e9s de l&rsquo;air NL<\/a><\/li><li><a href=\"https:\/\/babelair.be\/wp-content\/uploads\/2021\/03\/Babelair-composition-de-lair.pdf\" target=\"_blank\" rel=\"noreferrer noopener\">La composition de l&rsquo;air FR<\/a><\/li><\/ul>\n<\/div><\/div>\n","protected":false},"excerpt":{"rendered":"<p>La mat\u00e9rialit\u00e9 de l\u2019air FR &#8211; La mat\u00e9rialit\u00e9 de l&rsquo;air NL Les propri\u00e9t\u00e9s de l&rsquo;air FR&#8211; Les propri\u00e9t\u00e9s de l&rsquo;air NL La composition de l&rsquo;air FR<\/p>\n","protected":false},"author":1,"featured_media":0,"parent":0,"menu_order":0,"comment_status":"closed","ping_status":"closed","template":"","meta":{"footnotes":""},"class_list":["post-201","page","type-page","status-publish","hentry"],"_links":{"self":[{"href":"https:\/\/babelair.be\/index.php?rest_route=\/wp\/v2\/pages\/201","targetHints":{"allow":["GET"]}}],"collection":[{"href":"https:\/\/babelair.be\/index.php?rest_route=\/wp\/v2\/pages"}],"about":[{"href":"https:\/\/babelair.be\/index.php?rest_route=\/wp\/v2\/types\/page"}],"author":[{"embeddable":true,"href":"https:\/\/babelair.be\/index.php?rest_route=\/wp\/v2\/users\/1"}],"replies":[{"embeddable":true,"href":"https:\/\/babelair.be\/index.php?rest_route=%2Fwp%2Fv2%2Fcomments&post=201"}],"version-history":[{"count":10,"href":"https:\/\/babelair.be\/index.php?rest_route=\/wp\/v2\/pages\/201\/revisions"}],"predecessor-version":[{"id":555,"href":"https:\/\/babelair.be\/index.php?rest_route=\/wp\/v2\/pages\/201\/revisions\/555"}],"wp:attachment":[{"href":"https:\/\/babelair.be\/index.php?rest_route=%2Fwp%2Fv2%2Fmedia&parent=201"}],"curies":[{"name":"wp","href":"https:\/\/api.w.org\/{rel}","templated":true}]}}