{"id":203,"date":"2020-09-14T15:17:43","date_gmt":"2020-09-14T13:17:43","guid":{"rendered":"https:\/\/babelair.be\/?page_id=203"},"modified":"2023-09-26T09:38:43","modified_gmt":"2023-09-26T07:38:43","slug":"activites-pour-les-12-14-ans","status":"publish","type":"page","link":"https:\/\/babelair.be\/?page_id=203","title":{"rendered":"Activit\u00e9s pour les 10-14 ans"},"content":{"rendered":"\n<div class=\"wp-block-media-text alignwide is-stacked-on-mobile\" style=\"grid-template-columns:31% auto\"><figure class=\"wp-block-media-text__media\"><img loading=\"lazy\" decoding=\"async\" width=\"813\" height=\"849\" src=\"https:\/\/babelair.be\/wp-content\/uploads\/2020\/09\/10-14-ans-1.png\" alt=\"\" class=\"wp-image-304 size-full\" srcset=\"https:\/\/babelair.be\/wp-content\/uploads\/2020\/09\/10-14-ans-1.png 813w, https:\/\/babelair.be\/wp-content\/uploads\/2020\/09\/10-14-ans-1-287x300.png 287w, https:\/\/babelair.be\/wp-content\/uploads\/2020\/09\/10-14-ans-1-768x802.png 768w\" sizes=\"auto, (max-width: 767px) 89vw, (max-width: 1000px) 54vw, (max-width: 1071px) 543px, 580px\" \/><\/figure><div class=\"wp-block-media-text__content\">\n<ul class=\"wp-block-list\">\n<li><a href=\"https:\/\/babelair.be\/wp-content\/uploads\/2021\/02\/Babelair-proprie%CC%81te%CC%81s-de-lair.pdf\">Le<\/a><a rel=\"noreferrer noopener\" href=\"https:\/\/babelair.be\/wp-content\/uploads\/2021\/02\/Babelair-proprie%CC%81te%CC%81s-de-lair.pdf\" target=\"_blank\">s propri\u00e9t\u00e9s de l&rsquo;air FR<\/a> &#8211; <a rel=\"noreferrer noopener\" href=\"https:\/\/babelair.be\/wp-content\/uploads\/2021\/03\/Babelair-proprie%CC%81te%CC%81s-de-lair-NL.pdf\" target=\"_blank\">Les propri\u00e9t\u00e9s de l&rsquo;air NL<\/a><\/li>\n\n\n\n<li><a rel=\"noreferrer noopener\" href=\"https:\/\/babelair.be\/wp-content\/uploads\/2021\/03\/Babelair-composition-de-lair.pdf\" target=\"_blank\">La composition de l&rsquo;air FR<\/a> &#8211; <a rel=\"noreferrer noopener\" href=\"https:\/\/babelair.be\/wp-content\/uploads\/2021\/03\/Babelair-proprie\u0301te\u0301s-de-lair-NL-1.pdf\" target=\"_blank\">La composition de l&rsquo;air NL<\/a><\/li>\n\n\n\n<li><a rel=\"noreferrer noopener\" href=\"https:\/\/babelair.be\/wp-content\/uploads\/2021\/03\/babelair-circulation-.pdf\" target=\"_blank\">Les syst\u00e8mes circulatoires et respiratoires FR<\/a> &#8211; <a rel=\"noreferrer noopener\" href=\"https:\/\/babelair.be\/wp-content\/uploads\/2021\/03\/babelair-circulation-NL.pdf\" target=\"_blank\">Les syst\u00e8mes circulatoires et respiratoires NL<\/a><\/li>\n\n\n\n<li><a rel=\"noreferrer noopener\" href=\"https:\/\/babelair.be\/wp-content\/uploads\/2021\/03\/Babelair-ae%CC%81ration.pdf\" target=\"_blank\">L&rsquo;a\u00e9ration FR<\/a> &#8211; <a href=\"https:\/\/babelair.be\/wp-content\/uploads\/2021\/03\/babelair-circulation-NL-1.pdf\" target=\"_blank\" rel=\"noreferrer noopener\">L&rsquo;a\u00e9ration NL<\/a><\/li>\n<\/ul>\n<\/div><\/div>\n\n\n\n<div style=\"height:20px\" aria-hidden=\"true\" class=\"wp-block-spacer\"><\/div>\n\n\n\n<hr class=\"wp-block-separator has-css-opacity is-style-wide\"\/>\n\n\n\n<h2 class=\"wp-block-heading has-text-align-center has-medium-font-size\"><strong><mark style=\"background-color:rgba(0, 0, 0, 0)\" class=\"has-inline-color has-vivid-green-cyan-color\">Mesurer la qualit\u00e9 de l&rsquo;air \u00e0 l&rsquo;aide des feuilles d&rsquo;arbre &#8211; octobre 2023<\/mark><\/strong><\/h2>\n\n\n\n<p class=\"has-text-align-center\">Vous pouvez retrouver ici la <a rel=\"noreferrer noopener\" href=\"https:\/\/babelair.be\/wp-content\/uploads\/2023\/09\/PPTfin-Levures-roses-Babelair-roses-version-22-23.pdf\" target=\"_blank\">pr\u00e9sentation de l&rsquo;activit\u00e9 levure<\/a> ainsi que <a rel=\"noreferrer noopener\" href=\"https:\/\/babelair.be\/wp-content\/uploads\/2021\/08\/Labo-levures-roses-Bruxelles.pdf\" target=\"_blank\">son mode op\u00e9ratoire<\/a> en fran\u00e7ais, et <a rel=\"noreferrer noopener\" href=\"https:\/\/babelair.be\/wp-content\/uploads\/2023\/01\/Babelair-en.pdf\" target=\"_blank\">en anglais<\/a>.<\/p>\n\n\n\n<hr class=\"wp-block-separator has-css-opacity is-style-default\"\/>\n\n\n\n<p class=\"has-text-align-center\">Marche \u00e0 suivre en vid\u00e9o : <\/p>\n\n\n\n<ol class=\"wp-block-list\">\n<li><a rel=\"noreferrer noopener\" href=\"https:\/\/youtu.be\/lC91kSRjvgk\" target=\"_blank\">Pr\u00e9paration des bo\u00eetes de P\u00e9tri <\/a><\/li>\n\n\n\n<li> <a rel=\"noreferrer noopener\" href=\"https:\/\/www.youtube.com\/watch?time_continue=4&amp;v=7Eq-saRkXEk&amp;feature=emb_logo\" target=\"_blank\">Pr\u00e9l\u00e8vements<\/a><\/li>\n\n\n\n<li><a rel=\"noreferrer noopener\" href=\"https:\/\/youtu.be\/ywauepsb9vM\" target=\"_blank\">Mise en culture<\/a><\/li>\n\n\n\n<li><a rel=\"noreferrer noopener\" href=\"http:\/\/www.hypothese.be\/wp-content\/uploads\/2019\/09\/Fiches-reconnaissance-feuillus-et-resineux.pdf\" target=\"_blank\">Comment reconna\u00eetre un feuillu ?<\/a><\/li>\n<\/ol>\n\n\n<div class=\"wp-block-image is-style-rounded\">\n<figure class=\"aligncenter size-large\"><img loading=\"lazy\" decoding=\"async\" width=\"1024\" height=\"512\" src=\"https:\/\/babelair.be\/wp-content\/uploads\/2020\/11\/IMG_20201019_122657-1024x512.jpg\" alt=\"\" class=\"wp-image-374\" srcset=\"https:\/\/babelair.be\/wp-content\/uploads\/2020\/11\/IMG_20201019_122657-1024x512.jpg 1024w, https:\/\/babelair.be\/wp-content\/uploads\/2020\/11\/IMG_20201019_122657-300x150.jpg 300w, https:\/\/babelair.be\/wp-content\/uploads\/2020\/11\/IMG_20201019_122657-768x384.jpg 768w, https:\/\/babelair.be\/wp-content\/uploads\/2020\/11\/IMG_20201019_122657-1536x768.jpg 1536w, https:\/\/babelair.be\/wp-content\/uploads\/2020\/11\/IMG_20201019_122657-2048x1024.jpg 2048w\" sizes=\"auto, (max-width: 767px) 89vw, (max-width: 1000px) 54vw, (max-width: 1071px) 543px, 580px\" \/><\/figure><\/div>\n\n\n<div class=\"wp-block-file\"><a id=\"wp-block-file--media-a2ce3dae-401f-43eb-b6a5-f6e2d641457f\" href=\"https:\/\/babelair.be\/wp-content\/uploads\/2020\/09\/Tableau-re\u0301sultats-expe\u0301rience.pdf\">Tableau-re\u0301sultats-expe\u0301rience<\/a><a href=\"https:\/\/babelair.be\/wp-content\/uploads\/2020\/09\/Tableau-re\u0301sultats-expe\u0301rience.pdf\" class=\"wp-block-file__button wp-element-button\" download aria-describedby=\"wp-block-file--media-a2ce3dae-401f-43eb-b6a5-f6e2d641457f\">T\u00e9l\u00e9charger<\/a><\/div>\n\n\n\n<p>Partagez-nous vos r\u00e9sultats d\u2019exp\u00e9rimentations gr\u00e2ce \u00e0 la fiche retour d&rsquo;informations.<\/p>\n\n\n\n<hr class=\"wp-block-separator has-css-opacity is-style-wide\"\/>\n","protected":false},"excerpt":{"rendered":"<p>Mesurer la qualit\u00e9 de l&rsquo;air \u00e0 l&rsquo;aide des feuilles d&rsquo;arbre &#8211; octobre 2023 Vous pouvez retrouver ici la pr\u00e9sentation de l&rsquo;activit\u00e9 levure ainsi que son mode op\u00e9ratoire en fran\u00e7ais, et en anglais. Marche \u00e0 suivre en vid\u00e9o : Partagez-nous vos r\u00e9sultats d\u2019exp\u00e9rimentations gr\u00e2ce \u00e0 la fiche retour d&rsquo;informations.<\/p>\n","protected":false},"author":1,"featured_media":0,"parent":0,"menu_order":0,"comment_status":"closed","ping_status":"closed","template":"","meta":{"footnotes":""},"class_list":["post-203","page","type-page","status-publish","hentry"],"_links":{"self":[{"href":"https:\/\/babelair.be\/index.php?rest_route=\/wp\/v2\/pages\/203","targetHints":{"allow":["GET"]}}],"collection":[{"href":"https:\/\/babelair.be\/index.php?rest_route=\/wp\/v2\/pages"}],"about":[{"href":"https:\/\/babelair.be\/index.php?rest_route=\/wp\/v2\/types\/page"}],"author":[{"embeddable":true,"href":"https:\/\/babelair.be\/index.php?rest_route=\/wp\/v2\/users\/1"}],"replies":[{"embeddable":true,"href":"https:\/\/babelair.be\/index.php?rest_route=%2Fwp%2Fv2%2Fcomments&post=203"}],"version-history":[{"count":29,"href":"https:\/\/babelair.be\/index.php?rest_route=\/wp\/v2\/pages\/203\/revisions"}],"predecessor-version":[{"id":1031,"href":"https:\/\/babelair.be\/index.php?rest_route=\/wp\/v2\/pages\/203\/revisions\/1031"}],"wp:attachment":[{"href":"https:\/\/babelair.be\/index.php?rest_route=%2Fwp%2Fv2%2Fmedia&parent=203"}],"curies":[{"name":"wp","href":"https:\/\/api.w.org\/{rel}","templated":true}]}}