{"id":24,"date":"2020-08-28T10:12:38","date_gmt":"2020-08-28T08:12:38","guid":{"rendered":"https:\/\/babelair.be\/?page_id=24"},"modified":"2020-11-23T10:33:30","modified_gmt":"2020-11-23T09:33:30","slug":"qui-sommes-nous","status":"publish","type":"page","link":"https:\/\/babelair.be\/?page_id=24","title":{"rendered":"Qui sommes-nous ?"},"content":{"rendered":"\n<figure class=\"wp-block-image size-large\"><img loading=\"lazy\" decoding=\"async\" width=\"1024\" height=\"359\" src=\"https:\/\/babelair.be\/wp-content\/uploads\/2020\/09\/logo-hypothese-1024x359.jpg\" alt=\"\" class=\"wp-image-293\" srcset=\"https:\/\/babelair.be\/wp-content\/uploads\/2020\/09\/logo-hypothese-1024x359.jpg 1024w, https:\/\/babelair.be\/wp-content\/uploads\/2020\/09\/logo-hypothese-300x105.jpg 300w, https:\/\/babelair.be\/wp-content\/uploads\/2020\/09\/logo-hypothese-768x269.jpg 768w, https:\/\/babelair.be\/wp-content\/uploads\/2020\/09\/logo-hypothese-1536x539.jpg 1536w, https:\/\/babelair.be\/wp-content\/uploads\/2020\/09\/logo-hypothese-2048x719.jpg 2048w\" sizes=\"auto, (max-width: 767px) 89vw, (max-width: 1000px) 54vw, (max-width: 1071px) 543px, 580px\" \/><\/figure>\n\n\n\n<div style=\"height:37px\" aria-hidden=\"true\" class=\"wp-block-spacer\"><\/div>\n\n\n\n<p>L\u2019ASBL Hypoth\u00e8se est&nbsp;<em><strong>un lieu de recherche, de r\u00e9flexion, de ressources et de formation didactique des sciences<\/strong><\/em>.<\/p>\n\n\n\n<p>Nous sommes un groupe inter-r\u00e9seaux compos\u00e9 de didacticiens des sciences des Hautes Ecoles, d\u2019instituteurs (-trices) maternelles et primaires, d\u2019enseignants en sciences et de p\u00e9dagogues.<\/p>\n\n\n\n<p>Hypoth\u00e8se, en collaboration avec les Hautes Ecoles &amp; Universit\u00e9s, met en r\u00e9seau des centaines d\u2019enseignants, d\u2019\u00e9coles d\u2019acteurs de diffusion des sciences.<\/p>\n\n\n\n<p>Elle appartient au r\u00e9seau de formateurs IFC, FoCef, CeCP, et Felsi et au r\u00e9seau IdEE.<\/p>\n\n\n\n<h1 class=\"wp-block-heading\">CONTACT<\/h1>\n\n\n\n<h4 class=\"wp-block-heading\">ASBL HYPOTH\u00c8SE<\/h4>\n\n\n\n<div class=\"wp-block-image\"><figure class=\"alignright\"><a href=\"https:\/\/www.google.com\/maps\/place\/ASBL+Hypoth%C3%A8se\/@50.6329379,5.581963,17z\/data=!4m5!3m4!1s0x0:0x11658354188e0c4b!8m2!3d50.6330264!4d5.5818775\" target=\"_blank\" rel=\"noreferrer noopener\"><img decoding=\"async\" src=\"http:\/\/hypothese.sherwood.be\/wp-content\/uploads\/2019\/02\/Capture-d%E2%80%99e%CC%81cran-2019-02-04-a%CC%80-18.05.44-e1549300343508-300x126.png\" alt=\"\" class=\"wp-image-930\"\/><\/a><\/figure><\/div>\n\n\n\n<p><a href=\"https:\/\/www.google.be\/maps\/place\/Centre+d'Affaires+Natalis\/@50.6332832,5.5822352,15z\/data=!4m5!3m4!1s0x0:0xdc287923b311f851!8m2!3d50.6335282!4d5.5824927\">Centre d\u2019Affaires Natalis<\/a><br>Rue Natalis, 2 \u2013 4020 LI\u00c8GE<br>T\u00e9l.&nbsp;<a href=\"tel:003242670599\">042670599<\/a><br><a href=\"mailto:contact@hypothese.be\">contact@hypothese.be<\/a><br>Horaires d\u2019ouverture :<br>Du lundi au vendredi de 08h30 \u00e0 16h30<\/p>\n","protected":false},"excerpt":{"rendered":"<p>L\u2019ASBL Hypoth\u00e8se est&nbsp;un lieu de recherche, de r\u00e9flexion, de ressources et de formation didactique des sciences. Nous sommes un groupe inter-r\u00e9seaux compos\u00e9 de didacticiens des sciences des Hautes Ecoles, d\u2019instituteurs (-trices) maternelles et primaires, d\u2019enseignants en sciences et de p\u00e9dagogues. Hypoth\u00e8se, en collaboration avec les Hautes Ecoles &amp; Universit\u00e9s, met en r\u00e9seau des centaines d\u2019enseignants, &hellip; <\/p>\n<p class=\"link-more\"><a href=\"https:\/\/babelair.be\/?page_id=24\" class=\"more-link\">Continuer la lecture<span class=\"screen-reader-text\"> de &laquo;&nbsp;Qui sommes-nous ?&nbsp;&raquo;<\/span><\/a><\/p>\n","protected":false},"author":1,"featured_media":0,"parent":0,"menu_order":0,"comment_status":"closed","ping_status":"closed","template":"","meta":{"footnotes":""},"class_list":["post-24","page","type-page","status-publish","hentry"],"_links":{"self":[{"href":"https:\/\/babelair.be\/index.php?rest_route=\/wp\/v2\/pages\/24","targetHints":{"allow":["GET"]}}],"collection":[{"href":"https:\/\/babelair.be\/index.php?rest_route=\/wp\/v2\/pages"}],"about":[{"href":"https:\/\/babelair.be\/index.php?rest_route=\/wp\/v2\/types\/page"}],"author":[{"embeddable":true,"href":"https:\/\/babelair.be\/index.php?rest_route=\/wp\/v2\/users\/1"}],"replies":[{"embeddable":true,"href":"https:\/\/babelair.be\/index.php?rest_route=%2Fwp%2Fv2%2Fcomments&post=24"}],"version-history":[{"count":7,"href":"https:\/\/babelair.be\/index.php?rest_route=\/wp\/v2\/pages\/24\/revisions"}],"predecessor-version":[{"id":354,"href":"https:\/\/babelair.be\/index.php?rest_route=\/wp\/v2\/pages\/24\/revisions\/354"}],"wp:attachment":[{"href":"https:\/\/babelair.be\/index.php?rest_route=%2Fwp%2Fv2%2Fmedia&parent=24"}],"curies":[{"name":"wp","href":"https:\/\/api.w.org\/{rel}","templated":true}]}}