{"id":27,"date":"2020-08-28T10:12:38","date_gmt":"2020-08-28T08:12:38","guid":{"rendered":"https:\/\/babelair.be\/?page_id=27"},"modified":"2024-02-13T10:03:42","modified_gmt":"2024-02-13T09:03:42","slug":"ressources-pour-la-classes","status":"publish","type":"page","link":"https:\/\/babelair.be\/?page_id=27","title":{"rendered":"Ressources pour la classes"},"content":{"rendered":"\n<p>Ce site propose des dispositifs didactiques sur le th\u00e8me de l\u2019air visant les \u00e9l\u00e8ves de la maternelle \u00e0 la 3<sup>e<\/sup> secondaire.<\/p>\n\n\n\n<p>Vous trouverez plusieurs s\u00e9quences d\u2019enseignement dont vous pouvez vous emparer pour mener des activit\u00e9s de connaissance de l\u2019air et des activit\u00e9s de sensibilisation \u00e0 sa qualit\u00e9 avec vos \u00e9l\u00e8ves.<\/p>\n\n\n<div class=\"wp-block-image\">\n<figure class=\"alignleft size-large is-resized\"><a href=\"https:\/\/babelair.be\/?page_id=29\" target=\"_blank\" rel=\"noreferrer noopener\"><img loading=\"lazy\" decoding=\"async\" width=\"732\" height=\"940\" src=\"https:\/\/babelair.be\/wp-content\/uploads\/2020\/09\/5-8-ans.png\" alt=\"\" class=\"wp-image-297\" style=\"aspect-ratio:1.3333333333333333;object-fit:contain;width:189px;height:auto\" srcset=\"https:\/\/babelair.be\/wp-content\/uploads\/2020\/09\/5-8-ans.png 732w, https:\/\/babelair.be\/wp-content\/uploads\/2020\/09\/5-8-ans-234x300.png 234w\" sizes=\"auto, (max-width: 732px) 100vw, 732px\" \/><\/a><\/figure><\/div>\n\n<div class=\"wp-block-image\">\n<figure class=\"alignleft size-full is-resized\"><a href=\"https:\/\/babelair.be\/?page_id=201\" target=\"_blank\" rel=\"noreferrer noopener\"><img loading=\"lazy\" decoding=\"async\" width=\"867\" height=\"813\" src=\"https:\/\/babelair.be\/wp-content\/uploads\/2020\/09\/8-10-ans.png\" alt=\"\" class=\"wp-image-299\" style=\"aspect-ratio:1.3333333333333333;object-fit:contain;width:189px;height:auto\" srcset=\"https:\/\/babelair.be\/wp-content\/uploads\/2020\/09\/8-10-ans.png 867w, https:\/\/babelair.be\/wp-content\/uploads\/2020\/09\/8-10-ans-300x281.png 300w, https:\/\/babelair.be\/wp-content\/uploads\/2020\/09\/8-10-ans-768x720.png 768w\" sizes=\"auto, (max-width: 767px) 89vw, (max-width: 1000px) 54vw, (max-width: 1071px) 543px, 580px\" \/><\/a><\/figure><\/div>\n\n<div class=\"wp-block-image\">\n<figure class=\"alignleft size-full is-resized\"><a href=\"https:\/\/babelair.be\/?page_id=203\" target=\"_blank\" rel=\"noreferrer noopener\"><img loading=\"lazy\" decoding=\"async\" width=\"813\" height=\"849\" src=\"https:\/\/babelair.be\/wp-content\/uploads\/2020\/09\/10-14-ans.png\" alt=\"\" class=\"wp-image-302\" style=\"aspect-ratio:1.3333333333333333;object-fit:contain;width:189px;height:auto\" srcset=\"https:\/\/babelair.be\/wp-content\/uploads\/2020\/09\/10-14-ans.png 813w, https:\/\/babelair.be\/wp-content\/uploads\/2020\/09\/10-14-ans-287x300.png 287w, https:\/\/babelair.be\/wp-content\/uploads\/2020\/09\/10-14-ans-768x802.png 768w\" sizes=\"auto, (max-width: 767px) 89vw, (max-width: 1000px) 54vw, (max-width: 1071px) 543px, 580px\" \/><\/a><\/figure><\/div>","protected":false},"excerpt":{"rendered":"<p>Ce site propose des dispositifs didactiques sur le th\u00e8me de l\u2019air visant les \u00e9l\u00e8ves de la maternelle \u00e0 la 3e secondaire. Vous trouverez plusieurs s\u00e9quences d\u2019enseignement dont vous pouvez vous emparer pour mener des activit\u00e9s de connaissance de l\u2019air et des activit\u00e9s de sensibilisation \u00e0 sa qualit\u00e9 avec vos \u00e9l\u00e8ves.<\/p>\n","protected":false},"author":1,"featured_media":0,"parent":0,"menu_order":0,"comment_status":"closed","ping_status":"closed","template":"","meta":{"footnotes":""},"class_list":["post-27","page","type-page","status-publish","hentry"],"_links":{"self":[{"href":"https:\/\/babelair.be\/index.php?rest_route=\/wp\/v2\/pages\/27","targetHints":{"allow":["GET"]}}],"collection":[{"href":"https:\/\/babelair.be\/index.php?rest_route=\/wp\/v2\/pages"}],"about":[{"href":"https:\/\/babelair.be\/index.php?rest_route=\/wp\/v2\/types\/page"}],"author":[{"embeddable":true,"href":"https:\/\/babelair.be\/index.php?rest_route=\/wp\/v2\/users\/1"}],"replies":[{"embeddable":true,"href":"https:\/\/babelair.be\/index.php?rest_route=%2Fwp%2Fv2%2Fcomments&post=27"}],"version-history":[{"count":7,"href":"https:\/\/babelair.be\/index.php?rest_route=\/wp\/v2\/pages\/27\/revisions"}],"predecessor-version":[{"id":1113,"href":"https:\/\/babelair.be\/index.php?rest_route=\/wp\/v2\/pages\/27\/revisions\/1113"}],"wp:attachment":[{"href":"https:\/\/babelair.be\/index.php?rest_route=%2Fwp%2Fv2%2Fmedia&parent=27"}],"curies":[{"name":"wp","href":"https:\/\/api.w.org\/{rel}","templated":true}]}}