{"id":29,"date":"2020-08-28T10:12:38","date_gmt":"2020-08-28T08:12:38","guid":{"rendered":"https:\/\/babelair.be\/?page_id=29"},"modified":"2021-03-09T10:46:08","modified_gmt":"2021-03-09T09:46:08","slug":"activite-pour-le-primaire","status":"publish","type":"page","link":"https:\/\/babelair.be\/?page_id=29","title":{"rendered":"Activit\u00e9s pour les 5-8 ans"},"content":{"rendered":"\n<div class=\"wp-block-media-text alignwide is-stacked-on-mobile\" style=\"grid-template-columns:29% auto\"><figure class=\"wp-block-media-text__media\"><img loading=\"lazy\" decoding=\"async\" width=\"732\" height=\"940\" src=\"https:\/\/babelair.be\/wp-content\/uploads\/2020\/09\/5-8-ans.png\" alt=\"\" class=\"wp-image-297 size-full\" srcset=\"https:\/\/babelair.be\/wp-content\/uploads\/2020\/09\/5-8-ans.png 732w, https:\/\/babelair.be\/wp-content\/uploads\/2020\/09\/5-8-ans-234x300.png 234w\" sizes=\"auto, (max-width: 732px) 100vw, 732px\" \/><\/figure><div class=\"wp-block-media-text__content\">\n<ul class=\"wp-block-list\"><li><a rel=\"noreferrer noopener\" href=\"https:\/\/babelair.be\/wp-content\/uploads\/2021\/02\/Fiche-dapprentissage-mate\u0301rialite\u0301.pdf\" target=\"_blank\">La mat\u00e9rialit\u00e9 de l\u2019air FR<\/a> &#8211;  <a rel=\"noreferrer noopener\" href=\"https:\/\/babelair.be\/wp-content\/uploads\/2021\/03\/Fiche-dapprentissage-mate\u0301rialite\u0301-NL.pdf\" target=\"_blank\">La mat\u00e9rialit\u00e9 de l&rsquo;air NL<\/a><\/li><li><a rel=\"noreferrer noopener\" href=\"https:\/\/babelair.be\/wp-content\/uploads\/2021\/02\/Babelair-proprie%CC%81te%CC%81s-de-lair.pdf\" target=\"_blank\">Les propri\u00e9t\u00e9s de l\u2019air FR<\/a> &#8211; <a rel=\"noreferrer noopener\" href=\"https:\/\/babelair.be\/wp-content\/uploads\/2021\/03\/Babelair-proprie%CC%81te%CC%81s-de-lair-NL.pdf\" target=\"_blank\">Les propri\u00e9t\u00e9s de l&rsquo;air NL<\/a><\/li><li><a rel=\"noreferrer noopener\" href=\"https:\/\/babelair.be\/wp-content\/uploads\/2021\/03\/Babelair-composition-de-lair-5-8-se%CC%81quence-3.pdf\" target=\"_blank\">La composition de l&rsquo;air FR<\/a> &#8211; <a href=\"https:\/\/babelair.be\/wp-content\/uploads\/2021\/03\/Babelair-proprie\u0301te\u0301s-de-lair-5-8-se\u0301quence-3.pdf\" target=\"_blank\" rel=\"noreferrer noopener\">La composition de l&rsquo;air NL<\/a><\/li><\/ul>\n<\/div><\/div>\n\n\n\n<p><\/p>\n","protected":false},"excerpt":{"rendered":"<p>La mat\u00e9rialit\u00e9 de l\u2019air FR &#8211; La mat\u00e9rialit\u00e9 de l&rsquo;air NL Les propri\u00e9t\u00e9s de l\u2019air FR &#8211; Les propri\u00e9t\u00e9s de l&rsquo;air NL La composition de l&rsquo;air FR &#8211; La composition de l&rsquo;air NL<\/p>\n","protected":false},"author":1,"featured_media":0,"parent":0,"menu_order":0,"comment_status":"closed","ping_status":"closed","template":"","meta":{"footnotes":""},"class_list":["post-29","page","type-page","status-publish","hentry"],"_links":{"self":[{"href":"https:\/\/babelair.be\/index.php?rest_route=\/wp\/v2\/pages\/29","targetHints":{"allow":["GET"]}}],"collection":[{"href":"https:\/\/babelair.be\/index.php?rest_route=\/wp\/v2\/pages"}],"about":[{"href":"https:\/\/babelair.be\/index.php?rest_route=\/wp\/v2\/types\/page"}],"author":[{"embeddable":true,"href":"https:\/\/babelair.be\/index.php?rest_route=\/wp\/v2\/users\/1"}],"replies":[{"embeddable":true,"href":"https:\/\/babelair.be\/index.php?rest_route=%2Fwp%2Fv2%2Fcomments&post=29"}],"version-history":[{"count":21,"href":"https:\/\/babelair.be\/index.php?rest_route=\/wp\/v2\/pages\/29\/revisions"}],"predecessor-version":[{"id":568,"href":"https:\/\/babelair.be\/index.php?rest_route=\/wp\/v2\/pages\/29\/revisions\/568"}],"wp:attachment":[{"href":"https:\/\/babelair.be\/index.php?rest_route=%2Fwp%2Fv2%2Fmedia&parent=29"}],"curies":[{"name":"wp","href":"https:\/\/api.w.org\/{rel}","templated":true}]}}