{"id":35,"date":"2020-08-28T10:12:38","date_gmt":"2020-08-28T08:12:38","guid":{"rendered":"https:\/\/babelair.be\/?page_id=35"},"modified":"2024-02-13T09:55:41","modified_gmt":"2024-02-13T08:55:41","slug":"pret-de-materiel","status":"publish","type":"page","link":"https:\/\/babelair.be\/?page_id=35","title":{"rendered":"Pr\u00eat de mat\u00e9riel"},"content":{"rendered":"\n<p>Plusieurs malles de mat\u00e9riel sont mises disposition des \u00e9quipes \u00e9ducatives et sont disponibles en pr\u00eat \u00e0 Bruxelles environnement.<\/p>\n\n\n\n<figure class=\"wp-block-image size-large\"><img loading=\"lazy\" decoding=\"async\" width=\"712\" height=\"532\" src=\"https:\/\/babelair.be\/wp-content\/uploads\/2021\/03\/Capture-de\u0301cran-2021-03-03-a\u0300-13.16.42.png\" alt=\"\" class=\"wp-image-532\" srcset=\"https:\/\/babelair.be\/wp-content\/uploads\/2021\/03\/Capture-de\u0301cran-2021-03-03-a\u0300-13.16.42.png 712w, https:\/\/babelair.be\/wp-content\/uploads\/2021\/03\/Capture-de\u0301cran-2021-03-03-a\u0300-13.16.42-300x224.png 300w\" sizes=\"auto, (max-width: 712px) 100vw, 712px\" \/><\/figure>\n\n\n\n<hr class=\"wp-block-separator has-css-opacity\"\/>\n\n\n\n<figure class=\"wp-block-table\"><table><tbody><tr><td>1 petite caisse&nbsp;: &nbsp; <br>4 balles de ping-pong<br>Ballons de baudruche<br>4 seringues<br>4 gobelets transparents<br>1 pompe avec embout<br> 1 vacuvin<br>Bougies<br>4 petits pots avec couvercles<br>1 balance de pr\u00e9cision<br>Pailles<br>Sac de cong\u00e9lation <br>1 bouteille en verre transparent &nbsp; &nbsp;<\/td><\/tr><tr><td>1 ballon de basket &nbsp;<\/td><\/tr><tr><td>8 pots en verre &nbsp;<\/td><\/tr><tr><td>1 flexible transparent &nbsp;<\/td><\/tr><tr><td>1 bouteille de 5L &nbsp;<\/td><\/tr><tr><td>2 brochures sur la qualit\u00e9 de l\u2019air (ONE) &nbsp;<\/td><\/tr><\/tbody><\/table><\/figure>\n","protected":false},"excerpt":{"rendered":"<p>Plusieurs malles de mat\u00e9riel sont mises disposition des \u00e9quipes \u00e9ducatives et sont disponibles en pr\u00eat \u00e0 Bruxelles environnement. 1 petite caisse&nbsp;: &nbsp; 4 balles de ping-pongBallons de baudruche4 seringues4 gobelets transparents1 pompe avec embout 1 vacuvinBougies4 petits pots avec couvercles1 balance de pr\u00e9cisionPaillesSac de cong\u00e9lation 1 bouteille en verre transparent &nbsp; &nbsp; 1 ballon de &hellip; <\/p>\n<p class=\"link-more\"><a href=\"https:\/\/babelair.be\/?page_id=35\" class=\"more-link\">Continuer la lecture<span class=\"screen-reader-text\"> de &laquo;&nbsp;Pr\u00eat de mat\u00e9riel&nbsp;&raquo;<\/span><\/a><\/p>\n","protected":false},"author":1,"featured_media":0,"parent":0,"menu_order":0,"comment_status":"closed","ping_status":"closed","template":"","meta":{"footnotes":""},"class_list":["post-35","page","type-page","status-publish","hentry"],"_links":{"self":[{"href":"https:\/\/babelair.be\/index.php?rest_route=\/wp\/v2\/pages\/35","targetHints":{"allow":["GET"]}}],"collection":[{"href":"https:\/\/babelair.be\/index.php?rest_route=\/wp\/v2\/pages"}],"about":[{"href":"https:\/\/babelair.be\/index.php?rest_route=\/wp\/v2\/types\/page"}],"author":[{"embeddable":true,"href":"https:\/\/babelair.be\/index.php?rest_route=\/wp\/v2\/users\/1"}],"replies":[{"embeddable":true,"href":"https:\/\/babelair.be\/index.php?rest_route=%2Fwp%2Fv2%2Fcomments&post=35"}],"version-history":[{"count":10,"href":"https:\/\/babelair.be\/index.php?rest_route=\/wp\/v2\/pages\/35\/revisions"}],"predecessor-version":[{"id":1107,"href":"https:\/\/babelair.be\/index.php?rest_route=\/wp\/v2\/pages\/35\/revisions\/1107"}],"wp:attachment":[{"href":"https:\/\/babelair.be\/index.php?rest_route=%2Fwp%2Fv2%2Fmedia&parent=35"}],"curies":[{"name":"wp","href":"https:\/\/api.w.org\/{rel}","templated":true}]}}