{"id":36,"date":"2020-08-28T10:12:38","date_gmt":"2020-08-28T08:12:38","guid":{"rendered":"https:\/\/babelair.be\/?page_id=36"},"modified":"2021-09-29T14:28:45","modified_gmt":"2021-09-29T12:28:45","slug":"temoignages","status":"publish","type":"page","link":"https:\/\/babelair.be\/?page_id=36","title":{"rendered":"Echos des classes"},"content":{"rendered":"\n<h2 class=\"has-text-color wp-block-heading\" style=\"color:#6071aa\"><em>Contribuez \u00e0 faire vivre ce projet en remplissant et nous renvoyant un document r\u00e9capitulatif de vos activit\u00e9s :<\/em><\/h2>\n\n\n\n<div class=\"wp-block-file\"><a href=\"https:\/\/babelair.be\/wp-content\/uploads\/2020\/09\/Tableau-re\u0301sultats-expe\u0301rience.pdf\">Tableau-re\u0301sultats-expe\u0301rience<\/a><a href=\"https:\/\/babelair.be\/wp-content\/uploads\/2020\/09\/Tableau-re\u0301sultats-expe\u0301rience.pdf\" class=\"wp-block-file__button\" download>T\u00e9l\u00e9charger<\/a><\/div>\n\n\n\n<p>Partagez-nous vos r\u00e9sultats d\u2019exp\u00e9rimentations gr\u00e2ce \u00e0 la fiche retour d&rsquo;informations.<\/p>\n\n\n\n<p><\/p>\n\n\n\n<p><\/p>\n","protected":false},"excerpt":{"rendered":"<p>Contribuez \u00e0 faire vivre ce projet en remplissant et nous renvoyant un document r\u00e9capitulatif de vos activit\u00e9s : Partagez-nous vos r\u00e9sultats d\u2019exp\u00e9rimentations gr\u00e2ce \u00e0 la fiche retour d&rsquo;informations.<\/p>\n","protected":false},"author":1,"featured_media":0,"parent":0,"menu_order":0,"comment_status":"closed","ping_status":"closed","template":"","meta":{"footnotes":""},"class_list":["post-36","page","type-page","status-publish","hentry"],"_links":{"self":[{"href":"https:\/\/babelair.be\/index.php?rest_route=\/wp\/v2\/pages\/36","targetHints":{"allow":["GET"]}}],"collection":[{"href":"https:\/\/babelair.be\/index.php?rest_route=\/wp\/v2\/pages"}],"about":[{"href":"https:\/\/babelair.be\/index.php?rest_route=\/wp\/v2\/types\/page"}],"author":[{"embeddable":true,"href":"https:\/\/babelair.be\/index.php?rest_route=\/wp\/v2\/users\/1"}],"replies":[{"embeddable":true,"href":"https:\/\/babelair.be\/index.php?rest_route=%2Fwp%2Fv2%2Fcomments&post=36"}],"version-history":[{"count":12,"href":"https:\/\/babelair.be\/index.php?rest_route=\/wp\/v2\/pages\/36\/revisions"}],"predecessor-version":[{"id":733,"href":"https:\/\/babelair.be\/index.php?rest_route=\/wp\/v2\/pages\/36\/revisions\/733"}],"wp:attachment":[{"href":"https:\/\/babelair.be\/index.php?rest_route=%2Fwp%2Fv2%2Fmedia&parent=36"}],"curies":[{"name":"wp","href":"https:\/\/api.w.org\/{rel}","templated":true}]}}