{"id":478,"date":"2021-02-05T10:10:34","date_gmt":"2021-02-05T09:10:34","guid":{"rendered":"https:\/\/babelair.be\/?page_id=478"},"modified":"2021-02-05T10:10:35","modified_gmt":"2021-02-05T09:10:35","slug":"formation-actions-sensibilisation-1","status":"publish","type":"page","link":"https:\/\/babelair.be\/?page_id=478","title":{"rendered":"Formation actions\/sensibilisation 1"},"content":{"rendered":"\n<p><strong>Mercredi 24\/03 \u00e0 9h00 ou \u00e0 14h00<\/strong><\/p>\n\n\n\n<p><strong>Formation actions\/sensibilisation 1 : \u00ab&nbsp;L\u2019a\u00e9ration \u00bb pour les \u00e9l\u00e8ves des cycles 10-12 et 12-14.<\/strong><\/p>\n\n\n\n<p><strong>Description&nbsp;:<\/strong> Apr\u00e8s avoir compris l\u2019importance d\u2019un air de qualit\u00e9 pour la sant\u00e9 et le bien-\u00eatre des occupants d\u2019un local (cf. \u00ab&nbsp;La composition de l\u2019air et sa modification par la respiration&nbsp;\u00bb), les \u00e9l\u00e8ves seront amen\u00e9s \u00e0 envisager des actions pour am\u00e9liorer la situation dans les classes. Pour se faire, ils vont r\u00e9fl\u00e9chir \u00e0 la meilleure fa\u00e7on de <strong>renouveler l\u2019air<\/strong> et concevoir des protocoles scientifiques&nbsp;avant d\u2019exp\u00e9rimenter. Ils vont \u00e9galement travailler la mise en graphique des r\u00e9sultats et la lecture de graphiques r\u00e9alis\u00e9s par des experts.<\/p>\n","protected":false},"excerpt":{"rendered":"<p>Mercredi 24\/03 \u00e0 9h00 ou \u00e0 14h00 Formation actions\/sensibilisation 1 : \u00ab&nbsp;L\u2019a\u00e9ration \u00bb pour les \u00e9l\u00e8ves des cycles 10-12 et 12-14. Description&nbsp;: Apr\u00e8s avoir compris l\u2019importance d\u2019un air de qualit\u00e9 pour la sant\u00e9 et le bien-\u00eatre des occupants d\u2019un local (cf. \u00ab&nbsp;La composition de l\u2019air et sa modification par la respiration&nbsp;\u00bb), les \u00e9l\u00e8ves seront amen\u00e9s &hellip; <\/p>\n<p class=\"link-more\"><a href=\"https:\/\/babelair.be\/?page_id=478\" class=\"more-link\">Continuer la lecture<span class=\"screen-reader-text\"> de &laquo;&nbsp;Formation actions\/sensibilisation 1&nbsp;&raquo;<\/span><\/a><\/p>\n","protected":false},"author":1,"featured_media":0,"parent":0,"menu_order":0,"comment_status":"closed","ping_status":"closed","template":"","meta":{"footnotes":""},"class_list":["post-478","page","type-page","status-publish","hentry"],"_links":{"self":[{"href":"https:\/\/babelair.be\/index.php?rest_route=\/wp\/v2\/pages\/478","targetHints":{"allow":["GET"]}}],"collection":[{"href":"https:\/\/babelair.be\/index.php?rest_route=\/wp\/v2\/pages"}],"about":[{"href":"https:\/\/babelair.be\/index.php?rest_route=\/wp\/v2\/types\/page"}],"author":[{"embeddable":true,"href":"https:\/\/babelair.be\/index.php?rest_route=\/wp\/v2\/users\/1"}],"replies":[{"embeddable":true,"href":"https:\/\/babelair.be\/index.php?rest_route=%2Fwp%2Fv2%2Fcomments&post=478"}],"version-history":[{"count":1,"href":"https:\/\/babelair.be\/index.php?rest_route=\/wp\/v2\/pages\/478\/revisions"}],"predecessor-version":[{"id":479,"href":"https:\/\/babelair.be\/index.php?rest_route=\/wp\/v2\/pages\/478\/revisions\/479"}],"wp:attachment":[{"href":"https:\/\/babelair.be\/index.php?rest_route=%2Fwp%2Fv2%2Fmedia&parent=478"}],"curies":[{"name":"wp","href":"https:\/\/api.w.org\/{rel}","templated":true}]}}