{"id":621,"date":"2021-05-31T15:34:26","date_gmt":"2021-05-31T13:34:26","guid":{"rendered":"https:\/\/babelair.be\/?page_id=621"},"modified":"2024-02-13T11:02:08","modified_gmt":"2024-02-13T10:02:08","slug":"formations-2","status":"publish","type":"page","link":"https:\/\/babelair.be\/?page_id=621","title":{"rendered":"Formations"},"content":{"rendered":"\n<p>Durant trois ann\u00e9es de projet pr\u00e9c\u00e9demment men\u00e9es, nous avons accompagn\u00e9 et form\u00e9 plusieurs centaines d\u2019enseignants aux activit\u00e9s relatives \u00e0 la qualit\u00e9 de l\u2019air. Nous avons \u00e9galement propos\u00e9 des activit\u00e9s \u00e0 faire vivre aux \u00e9l\u00e8ves dans les parcs, en lien avec les r\u00e9f\u00e9rentiels de sciences, afin d\u2019inciter les enseignants \u00e0 sortir <em>prendre l\u2019air<\/em> avec leurs \u00e9l\u00e8ves.<\/p>\n\n\n\n<p>Les fiches p\u00e9dagogiques reprenant les diff\u00e9rentes activit\u00e9s pr\u00e9sent\u00e9es aux enseignants en formation sont disponibles dans <a href=\"https:\/\/babelair.be\/?page_id=27\" target=\"_blank\" rel=\"noreferrer noopener\">la rubrique \u00ab\u00a0ressources\u00a0\u00bb<\/a>.<\/p>\n\n\n\n<hr class=\"wp-block-separator has-css-opacity\"\/>\n\n\n\n<p class=\"has-text-align-center has-medium-font-size\"><a href=\"https:\/\/babelair.be\/wp-content\/uploads\/2024\/02\/Evaluation-des-formations-Babelair.pptx\">Evaluation des formations <\/a><\/p>\n\n\n\n<div style=\"height:10px\" aria-hidden=\"true\" class=\"wp-block-spacer\"><\/div>\n\n\n\n<hr class=\"wp-block-separator has-css-opacity\"\/>\n","protected":false},"excerpt":{"rendered":"<p>Durant trois ann\u00e9es de projet pr\u00e9c\u00e9demment men\u00e9es, nous avons accompagn\u00e9 et form\u00e9 plusieurs centaines d\u2019enseignants aux activit\u00e9s relatives \u00e0 la qualit\u00e9 de l\u2019air. Nous avons \u00e9galement propos\u00e9 des activit\u00e9s \u00e0 faire vivre aux \u00e9l\u00e8ves dans les parcs, en lien avec les r\u00e9f\u00e9rentiels de sciences, afin d\u2019inciter les enseignants \u00e0 sortir prendre l\u2019air avec leurs \u00e9l\u00e8ves. &hellip; <\/p>\n<p class=\"link-more\"><a href=\"https:\/\/babelair.be\/?page_id=621\" class=\"more-link\">Continuer la lecture<span class=\"screen-reader-text\"> de &laquo;&nbsp;Formations&nbsp;&raquo;<\/span><\/a><\/p>\n","protected":false},"author":1,"featured_media":0,"parent":0,"menu_order":0,"comment_status":"closed","ping_status":"closed","template":"","meta":{"footnotes":""},"class_list":["post-621","page","type-page","status-publish","hentry"],"_links":{"self":[{"href":"https:\/\/babelair.be\/index.php?rest_route=\/wp\/v2\/pages\/621","targetHints":{"allow":["GET"]}}],"collection":[{"href":"https:\/\/babelair.be\/index.php?rest_route=\/wp\/v2\/pages"}],"about":[{"href":"https:\/\/babelair.be\/index.php?rest_route=\/wp\/v2\/types\/page"}],"author":[{"embeddable":true,"href":"https:\/\/babelair.be\/index.php?rest_route=\/wp\/v2\/users\/1"}],"replies":[{"embeddable":true,"href":"https:\/\/babelair.be\/index.php?rest_route=%2Fwp%2Fv2%2Fcomments&post=621"}],"version-history":[{"count":27,"href":"https:\/\/babelair.be\/index.php?rest_route=\/wp\/v2\/pages\/621\/revisions"}],"predecessor-version":[{"id":1115,"href":"https:\/\/babelair.be\/index.php?rest_route=\/wp\/v2\/pages\/621\/revisions\/1115"}],"wp:attachment":[{"href":"https:\/\/babelair.be\/index.php?rest_route=%2Fwp%2Fv2%2Fmedia&parent=621"}],"curies":[{"name":"wp","href":"https:\/\/api.w.org\/{rel}","templated":true}]}}