{"id":81,"date":"2020-08-28T10:58:07","date_gmt":"2020-08-28T08:58:07","guid":{"rendered":"https:\/\/babelair.be\/?page_id=81"},"modified":"2024-02-13T09:53:06","modified_gmt":"2024-02-13T08:53:06","slug":"bienvenue-2","status":"publish","type":"page","link":"https:\/\/babelair.be\/","title":{"rendered":"Bienvenue !"},"content":{"rendered":"\n<figure class=\"wp-block-gallery aligncenter has-nested-images columns-default wp-block-gallery-1 is-layout-flex wp-block-gallery-is-layout-flex\">\n<figure class=\"wp-block-image size-medium\"><img loading=\"lazy\" decoding=\"async\" width=\"300\" height=\"105\" data-id=\"293\" src=\"https:\/\/babelair.be\/wp-content\/uploads\/2020\/09\/logo-hypothese-300x105.jpg\" alt=\"\" class=\"wp-image-293\" srcset=\"https:\/\/babelair.be\/wp-content\/uploads\/2020\/09\/logo-hypothese-300x105.jpg 300w, https:\/\/babelair.be\/wp-content\/uploads\/2020\/09\/logo-hypothese-1024x359.jpg 1024w, https:\/\/babelair.be\/wp-content\/uploads\/2020\/09\/logo-hypothese-768x269.jpg 768w, https:\/\/babelair.be\/wp-content\/uploads\/2020\/09\/logo-hypothese-1536x539.jpg 1536w, https:\/\/babelair.be\/wp-content\/uploads\/2020\/09\/logo-hypothese-2048x719.jpg 2048w\" sizes=\"auto, (max-width: 300px) 100vw, 300px\" \/><\/figure>\n\n\n\n<figure class=\"wp-block-image size-medium\"><img loading=\"lazy\" decoding=\"async\" width=\"300\" height=\"127\" data-id=\"83\" src=\"https:\/\/babelair.be\/wp-content\/uploads\/2020\/08\/bruenv1-300x127.png\" alt=\"\" class=\"wp-image-83\" srcset=\"https:\/\/babelair.be\/wp-content\/uploads\/2020\/08\/bruenv1-300x127.png 300w, https:\/\/babelair.be\/wp-content\/uploads\/2020\/08\/bruenv1.png 400w\" sizes=\"auto, (max-width: 300px) 100vw, 300px\" \/><\/figure>\n\n\n\n<figure class=\"wp-block-image size-medium\"><img loading=\"lazy\" decoding=\"async\" width=\"300\" height=\"94\" data-id=\"353\" src=\"https:\/\/babelair.be\/wp-content\/uploads\/2020\/11\/BloombergPhilanthropiesStack_PRPL_RGB-300x94.png\" alt=\"\" class=\"wp-image-353\" srcset=\"https:\/\/babelair.be\/wp-content\/uploads\/2020\/11\/BloombergPhilanthropiesStack_PRPL_RGB-300x94.png 300w, https:\/\/babelair.be\/wp-content\/uploads\/2020\/11\/BloombergPhilanthropiesStack_PRPL_RGB.png 576w\" sizes=\"auto, (max-width: 300px) 100vw, 300px\" \/><\/figure>\n<\/figure>\n\n\n\n<p class=\"has-text-align-center\">\n<style type=\"text\/css\">\n<!--\n\n.prisna-gwt-align-left {\n\ttext-align: left !important;\n}\n.prisna-gwt-align-right {\n\ttext-align: right !important;\n}\n\n\n\nbody {\n\ttop: 0 !important;\n}\n.goog-te-banner-frame {\n\tdisplay: none !important;\n\tvisibility: hidden !important;\n}\n\n#goog-gt-tt,\n.goog-tooltip,\n.goog-tooltip:hover {\n\tdisplay: none !important;\n}\n.goog-text-highlight {\n\tbackground-color: transparent !important;\n\tborder: none !important;\n\tbox-shadow: none !important;\n}\n.translated-rtl font,\n.translated-ltr font {\n\tbackground-color: transparent !important;\n\tbox-shadow: none !important;\n\tbox-sizing: border-box !important;\n\t-webkit-box-sizing: border-box !important;\n\t-moz-box-sizing: border-box !important;\n}\n\n-->\n<\/style>\n\n\n\n<div id=\"google_translate_element\" class=\"prisna-gwt-align-left\"><\/div>\n<script type=\"text\/javascript\">\n\/*<![CDATA[*\/\nfunction initializeGoogleTranslateElement() {\n\tnew google.translate.TranslateElement({\n\t\tpageLanguage: \"fr\",\n\t\tlayout: google.translate.TranslateElement.InlineLayout.HORIZONTAL,\n\t\tincludedLanguages: \"nl,fr\"\n\t}, \"google_translate_element\");\n}\n\/*]]>*\/\n<\/script>\n<script type=\"text\/javascript\" src=\"\/\/translate.google.com\/translate_a\/element.js?cb=initializeGoogleTranslateElement\"><\/script>\n\n\n\n<div style=\"height:40px\" aria-hidden=\"true\" class=\"wp-block-spacer\"><\/div>\n\n\n\n<p><em>Le site Babel\u2019air est un outil de l\u2019ASBL Hypoth\u00e8se en partenariat avec Bloomberg Philanthropies, le gouvernement de la R\u00e9gion de Bruxelles-Capitale, et Bruxelles Environnement destin\u00e9 \u00e0 accompagner les participants au projet<\/em><strong><em> Babel&rsquo;air<\/em><\/strong>. <\/p>\n\n\n\n<hr class=\"wp-block-separator has-css-opacity\"\/>\n\n\n\n<p><strong>Objectif du projet&nbsp;:<\/strong> associer la construction de savoirs et de savoir-faire en \u00e9veil scientifique aux attendus en mati\u00e8re d\u2019\u00e9ducation relative \u00e0 l\u2019environnement \u00e0 propos de la th\u00e9matique de l&rsquo;air int\u00e9rieur et ext\u00e9rieur.<\/p>\n\n\n\n<p>Les enseignants ont la possibilit\u00e9 de mener des activit\u00e9s d\u2019apprentissage scientifiques sur le th\u00e8me de l\u2019air, de sensibiliser les \u00e9l\u00e8ves \u00e0 l\u2019importance d\u2019un air de qualit\u00e9 et de les inciter \u00e0 adopter des comportements ad\u00e9quats pour renouveler l\u2019air dans l\u2019environnement scolaire.<\/p>\n\n\n\n<p>En outre le projet vise \u00e0 d\u00e9velopper chez les \u00e9l\u00e8ves un esprit d\u2019analyse critique devant des situations probl\u00e8mes en environnement sant\u00e9, ici dans le cadre des pollutions de l\u2019air int\u00e9rieur et ext\u00e9rieur.<\/p>\n\n\n<p><!-- Begin Mailchimp Signup Form --><\/p>\n<p><label style=\"font-size: 1rem;\" for=\"mce-EMAIL\">Abonnez-vous \u00e0 la newsletter de l&rsquo;ASBL Hypoth\u00e8se et recevez les (in)formations <\/label>&nbsp;<input id=\"mce-EMAIL\" class=\"email\" name=\"EMAIL\" required=\"\" type=\"email\" value=\"\" placeholder=\"Adresse mail\"><\/p>\n<div id=\"mc_embed_signup\">\n<form id=\"mc-embedded-subscribe-form\" class=\"validate\" action=\"https:\/\/hypothese.us16.list-manage.com\/subscribe\/post?u=499e38d64d49c1facb086b8ef&amp;id=9536ab82fd\" method=\"post\" name=\"mc-embedded-subscribe-form\" novalidate=\"\" target=\"_blank\">\n<div id=\"mc_embed_signup_scroll\"><!-- real people should not fill this in and expect good things - do not remove this or risk form bot signups--><\/p>\n<div style=\"position: absolute; left: -5000px;\" aria-hidden=\"true\"><input tabindex=\"-1\" name=\"b_499e38d64d49c1facb086b8ef_9536ab82fd\" type=\"text\" value=\"\"><\/div>\n<div class=\"clear\"><input id=\"mc-embedded-subscribe\" class=\"button\" name=\"subscribe\" type=\"submit\" value=\"S'inscrire\"><\/div>\n<\/div>\n<\/form>\n<\/div>\n<p><!--End mc_embed_signup--><\/p>","protected":false},"excerpt":{"rendered":"<p>Le site Babel\u2019air est un outil de l\u2019ASBL Hypoth\u00e8se en partenariat avec Bloomberg Philanthropies, le gouvernement de la R\u00e9gion de Bruxelles-Capitale, et Bruxelles Environnement destin\u00e9 \u00e0 accompagner les participants au projet Babel&rsquo;air. Objectif du projet&nbsp;: associer la construction de savoirs et de savoir-faire en \u00e9veil scientifique aux attendus en mati\u00e8re d\u2019\u00e9ducation relative \u00e0 l\u2019environnement \u00e0 &hellip; <\/p>\n<p class=\"link-more\"><a href=\"https:\/\/babelair.be\/\" class=\"more-link\">Continuer la lecture<span class=\"screen-reader-text\"> de &laquo;&nbsp;Bienvenue !&nbsp;&raquo;<\/span><\/a><\/p>\n","protected":false},"author":1,"featured_media":0,"parent":0,"menu_order":0,"comment_status":"closed","ping_status":"closed","template":"","meta":{"footnotes":""},"class_list":["post-81","page","type-page","status-publish","hentry"],"_links":{"self":[{"href":"https:\/\/babelair.be\/index.php?rest_route=\/wp\/v2\/pages\/81","targetHints":{"allow":["GET"]}}],"collection":[{"href":"https:\/\/babelair.be\/index.php?rest_route=\/wp\/v2\/pages"}],"about":[{"href":"https:\/\/babelair.be\/index.php?rest_route=\/wp\/v2\/types\/page"}],"author":[{"embeddable":true,"href":"https:\/\/babelair.be\/index.php?rest_route=\/wp\/v2\/users\/1"}],"replies":[{"embeddable":true,"href":"https:\/\/babelair.be\/index.php?rest_route=%2Fwp%2Fv2%2Fcomments&post=81"}],"version-history":[{"count":99,"href":"https:\/\/babelair.be\/index.php?rest_route=\/wp\/v2\/pages\/81\/revisions"}],"predecessor-version":[{"id":1103,"href":"https:\/\/babelair.be\/index.php?rest_route=\/wp\/v2\/pages\/81\/revisions\/1103"}],"wp:attachment":[{"href":"https:\/\/babelair.be\/index.php?rest_route=%2Fwp%2Fv2%2Fmedia&parent=81"}],"curies":[{"name":"wp","href":"https:\/\/api.w.org\/{rel}","templated":true}]}}